{"id":337,"date":"2025-01-20T16:05:36","date_gmt":"2025-01-20T16:05:36","guid":{"rendered":"https:\/\/jessicarupf.ch\/?page_id=337"},"modified":"2025-08-01T13:18:42","modified_gmt":"2025-08-01T13:18:42","slug":"termine-und-tarife","status":"publish","type":"page","link":"https:\/\/jessicarupf.ch\/?page_id=337","title":{"rendered":"Termine und Tarife"},"content":{"rendered":"\t\t<div data-elementor-type=\"wp-page\" data-elementor-id=\"337\" class=\"elementor elementor-337\">\n\t\t\t\t\t\t<section class=\"elementor-section elementor-top-section elementor-element elementor-element-b9ee27d elementor-section-boxed elementor-section-height-default elementor-section-height-default\" data-id=\"b9ee27d\" data-element_type=\"section\">\n\t\t\t\t\t\t<div class=\"elementor-container elementor-column-gap-default\">\n\t\t\t\t\t<div class=\"elementor-column elementor-col-100 elementor-top-column elementor-element elementor-element-93993dc\" data-id=\"93993dc\" data-element_type=\"column\">\n\t\t\t<div class=\"elementor-widget-wrap elementor-element-populated\">\n\t\t\t\t\t\t<div class=\"elementor-element elementor-element-ffbd720 elementor-widget elementor-widget-text-editor\" data-id=\"ffbd720\" data-element_type=\"widget\" data-widget_type=\"text-editor.default\">\n\t\t\t\t<div class=\"elementor-widget-container\">\n\t\t\t<style>\/*! elementor - v3.20.0 - 10-04-2024 *\/\n.elementor-widget-text-editor.elementor-drop-cap-view-stacked .elementor-drop-cap{background-color:#69727d;color:#fff}.elementor-widget-text-editor.elementor-drop-cap-view-framed .elementor-drop-cap{color:#69727d;border:3px solid;background-color:transparent}.elementor-widget-text-editor:not(.elementor-drop-cap-view-default) .elementor-drop-cap{margin-top:8px}.elementor-widget-text-editor:not(.elementor-drop-cap-view-default) .elementor-drop-cap-letter{width:1em;height:1em}.elementor-widget-text-editor .elementor-drop-cap{float:left;text-align:center;line-height:1;font-size:50px}.elementor-widget-text-editor .elementor-drop-cap-letter{display:inline-block}<\/style>\t\t\t\t<span style=\"color: #969492;\"><p class=\"MsoNormal\">F\u00fcr Erstgespr\u00e4che von Kassenpatient*Innen wird eine\nWarteliste gef\u00fchrt. Die Wartezeiten variieren, fragen Sie gerne direkt an.<\/p>\n<p class=\"MsoNormal\">Privatzahlenden f\u00fcr Einzel-, wie auch Paar- oder\nFamilientherapien kann unabh\u00e4ngig davon zeitnah ein Therapieplatz angeboten\nwerden.<\/p>\t\t\t\t\t\t<\/div>\n\t\t\t\t<\/div>\n\t\t\t\t\t<\/div>\n\t\t<\/div>\n\t\t\t\t\t<\/div>\n\t\t<\/section>\n\t\t\t\t<section class=\"elementor-section elementor-top-section elementor-element elementor-element-3cb4f0d elementor-section-boxed elementor-section-height-default elementor-section-height-default\" data-id=\"3cb4f0d\" data-element_type=\"section\">\n\t\t\t\t\t\t<div class=\"elementor-container elementor-column-gap-default\">\n\t\t\t\t\t<div class=\"elementor-column elementor-col-100 elementor-top-column elementor-element elementor-element-e6ffb09\" data-id=\"e6ffb09\" data-element_type=\"column\">\n\t\t\t<div class=\"elementor-widget-wrap elementor-element-populated\">\n\t\t\t\t\t\t<div class=\"elementor-element elementor-element-e97658e elementor-widget elementor-widget-heading\" data-id=\"e97658e\" data-element_type=\"widget\" data-widget_type=\"heading.default\">\n\t\t\t\t<div class=\"elementor-widget-container\">\n\t\t\t<style>\/*! elementor - v3.20.0 - 10-04-2024 *\/\n.elementor-heading-title{padding:0;margin:0;line-height:1}.elementor-widget-heading .elementor-heading-title[class*=elementor-size-]>a{color:inherit;font-size:inherit;line-height:inherit}.elementor-widget-heading .elementor-heading-title.elementor-size-small{font-size:15px}.elementor-widget-heading .elementor-heading-title.elementor-size-medium{font-size:19px}.elementor-widget-heading .elementor-heading-title.elementor-size-large{font-size:29px}.elementor-widget-heading .elementor-heading-title.elementor-size-xl{font-size:39px}.elementor-widget-heading .elementor-heading-title.elementor-size-xxl{font-size:59px}<\/style><h2 class=\"elementor-heading-title elementor-size-default\">Tarife Privatzahlende<\/h2>\t\t<\/div>\n\t\t\t\t<\/div>\n\t\t\t\t\t<\/div>\n\t\t<\/div>\n\t\t\t\t\t<\/div>\n\t\t<\/section>\n\t\t\t\t<section class=\"elementor-section elementor-top-section elementor-element elementor-element-c2a30ca elementor-section-boxed elementor-section-height-default elementor-section-height-default\" data-id=\"c2a30ca\" data-element_type=\"section\">\n\t\t\t\t\t\t<div class=\"elementor-container elementor-column-gap-default\">\n\t\t\t\t\t<div class=\"elementor-column elementor-col-100 elementor-top-column elementor-element elementor-element-9433ff7\" data-id=\"9433ff7\" data-element_type=\"column\">\n\t\t\t<div class=\"elementor-widget-wrap elementor-element-populated\">\n\t\t\t\t\t\t<div class=\"elementor-element elementor-element-b42d03b elementor-widget elementor-widget-text-editor\" data-id=\"b42d03b\" data-element_type=\"widget\" data-widget_type=\"text-editor.default\">\n\t\t\t\t<div class=\"elementor-widget-container\">\n\t\t\t\t\t\t\t<p><span style=\"color: #969492;\">Einzeltherapie: 195.00 CHF pro 60 Minuten<\/span><\/p><p><span style=\"color: #969492;\">Paar- und Familientherapie: 240.00 CHF pro 60 Minuten<\/span><\/p>\t\t\t\t\t\t<\/div>\n\t\t\t\t<\/div>\n\t\t\t\t\t<\/div>\n\t\t<\/div>\n\t\t\t\t\t<\/div>\n\t\t<\/section>\n\t\t\t\t<\/div>\n\t\t","protected":false},"excerpt":{"rendered":"<p>F\u00fcr Erstgespr\u00e4che von Kassenpatient*Innen wird eine Warteliste gef\u00fchrt. Die Wartezeiten variieren, fragen Sie gerne direkt an. Privatzahlenden f\u00fcr Einzel-, wie auch Paar- oder Familientherapien kann unabh\u00e4ngig davon zeitnah ein Therapieplatz angeboten werden. Tarife Privatzahlende Einzeltherapie: 195.00 CHF pro 60 Minuten Paar- und Familientherapie: 240.00 CHF pro 60 Minuten<\/p>\n","protected":false},"author":1,"featured_media":0,"parent":0,"menu_order":0,"comment_status":"closed","ping_status":"closed","template":"","meta":{"footnotes":""},"_links":{"self":[{"href":"https:\/\/jessicarupf.ch\/index.php?rest_route=\/wp\/v2\/pages\/337"}],"collection":[{"href":"https:\/\/jessicarupf.ch\/index.php?rest_route=\/wp\/v2\/pages"}],"about":[{"href":"https:\/\/jessicarupf.ch\/index.php?rest_route=\/wp\/v2\/types\/page"}],"author":[{"embeddable":true,"href":"https:\/\/jessicarupf.ch\/index.php?rest_route=\/wp\/v2\/users\/1"}],"replies":[{"embeddable":true,"href":"https:\/\/jessicarupf.ch\/index.php?rest_route=%2Fwp%2Fv2%2Fcomments&post=337"}],"version-history":[{"count":31,"href":"https:\/\/jessicarupf.ch\/index.php?rest_route=\/wp\/v2\/pages\/337\/revisions"}],"predecessor-version":[{"id":383,"href":"https:\/\/jessicarupf.ch\/index.php?rest_route=\/wp\/v2\/pages\/337\/revisions\/383"}],"wp:attachment":[{"href":"https:\/\/jessicarupf.ch\/index.php?rest_route=%2Fwp%2Fv2%2Fmedia&parent=337"}],"curies":[{"name":"wp","href":"https:\/\/api.w.org\/{rel}","templated":true}]}}